{"id":51508,"date":"2025-01-28T08:16:07","date_gmt":"2025-01-28T05:16:07","guid":{"rendered":"https:\/\/www.hayalimdekigelinlik.com\/urunler\/uncategorized\/pleated-strapless-princess-wedding-dress\/"},"modified":"2025-11-17T14:04:10","modified_gmt":"2025-11-17T11:04:10","slug":"pleated-strapless-princess-wedding-dress","status":"publish","type":"product","link":"https:\/\/www.hayalimdekigelinlik.com\/en\/products\/pleated-strapless-princess-wedding-dress\/","title":{"rendered":"Pleated Strapless Princess Wedding Dress"},"content":{"rendered":"<p>Strapless models are generally preferred design types in wedding dresses. The strapless model is a design used in almost every wedding dress model. <strong>The pleated strapless princess wedding dress<\/strong> model is one of them. This model helps you have an image that resembles a princess with its fluffy skirts. The pleats applied from the waist add a different atmosphere to the wedding dress. Its long tail will be a great choice for those who have a salon wedding. It will also help you capture a stylish and heavy image. Although it is a fluffy model, you can capture an elegant image. We would also like to point out that the strapless model can be preferred in different models. Many types of strapless necklines such as cat neck, v-neck, cat neck can be used.        <\/p>\n<h2>Pleated Strapless Princess Wedding Dress Models<\/h2>\n<p>&nbsp;<\/p>\n<p>These models may vary within themselves. First of all, they are models offered to brides with pleated pleat designs made from the waist. However, these models may have model changes depending on the type of strapless. The models may vary in variations such as the different design of the neckline part of the strapless part of the <strong>pleated strapless<\/strong> <strong>princess wedding dress<\/strong> models and whether it is lace or tulle details. At the same time, model production is provided as a low-cut back. According to the wishes of the brides, d\u00e9collet\u00e9 can be done on the front or back. For deep d\u00e9collet\u00e9 lovers, d\u00e9collet\u00e9 processes are designed in a very stylish way.     <\/p>\n","protected":false},"excerpt":{"rendered":"<p>Strapless models are generally preferred design types in wedding dresses.<\/p>\n","protected":false},"featured_media":49896,"comment_status":"open","ping_status":"closed","template":"","meta":{"_acf_changed":false,"_joinchat":[]},"product_brand":[],"product_cat":[1771],"product_tag":[1811,2177,1831,1913,2557,1834,2558,2559,2560,2561,1814,1775,1835,2562,1837,2563,1808,1780],"class_list":{"0":"post-51508","1":"product","2":"type-product","3":"status-publish","4":"has-post-thumbnail","6":"product_cat-wedding-dress","7":"product_tag-a-cut","8":"product_tag-chiffon-skirt","9":"product_tag-discount","10":"product_tag-embroidered-lace","11":"product_tag-intermediate-cream","12":"product_tag-low-cut-wedding-dresses","13":"product_tag-pleated-strapless-princess-wedding-dress","14":"product_tag-pleated-strapless-princess-wedding-dress-price","15":"product_tag-pleated-strapless-princess-wedding-dress-prices","16":"product_tag-pleated-strapless-princess-wedding-dresses","17":"product_tag-princess-model-wedding-dresses","18":"product_tag-prom-type-wedding-dresses","19":"product_tag-satin-wedding-dresses","20":"product_tag-spring","21":"product_tag-strapless-wedding-dresses","22":"product_tag-summer","23":"product_tag-sweetheart-neckline","24":"product_tag-vintage-bohemian","25":"pa_indirim-orani-10-percent-discount","26":"pa_renk-intermediate-cream","27":"pa_siluete-gore-a-section","28":"pa_yaka-tipi-sweetheart-neckline","30":"first","31":"outofstock","32":"shipping-taxable","33":"purchasable","34":"product-type-simple"},"acf":[],"_links":{"self":[{"href":"https:\/\/www.hayalimdekigelinlik.com\/en\/wp-json\/wp\/v2\/product\/51508","targetHints":{"allow":["GET"]}}],"collection":[{"href":"https:\/\/www.hayalimdekigelinlik.com\/en\/wp-json\/wp\/v2\/product"}],"about":[{"href":"https:\/\/www.hayalimdekigelinlik.com\/en\/wp-json\/wp\/v2\/types\/product"}],"replies":[{"embeddable":true,"href":"https:\/\/www.hayalimdekigelinlik.com\/en\/wp-json\/wp\/v2\/comments?post=51508"}],"version-history":[{"count":0,"href":"https:\/\/www.hayalimdekigelinlik.com\/en\/wp-json\/wp\/v2\/product\/51508\/revisions"}],"wp:featuredmedia":[{"embeddable":true,"href":"https:\/\/www.hayalimdekigelinlik.com\/en\/wp-json\/wp\/v2\/media\/49896"}],"wp:attachment":[{"href":"https:\/\/www.hayalimdekigelinlik.com\/en\/wp-json\/wp\/v2\/media?parent=51508"}],"wp:term":[{"taxonomy":"product_brand","embeddable":true,"href":"https:\/\/www.hayalimdekigelinlik.com\/en\/wp-json\/wp\/v2\/product_brand?post=51508"},{"taxonomy":"product_cat","embeddable":true,"href":"https:\/\/www.hayalimdekigelinlik.com\/en\/wp-json\/wp\/v2\/product_cat?post=51508"},{"taxonomy":"product_tag","embeddable":true,"href":"https:\/\/www.hayalimdekigelinlik.com\/en\/wp-json\/wp\/v2\/product_tag?post=51508"}],"curies":[{"name":"wp","href":"https:\/\/api.w.org\/{rel}","templated":true}]}}